{"id":695,"date":"2019-07-12T08:01:39","date_gmt":"2019-07-12T06:01:39","guid":{"rendered":"http:\/\/enseignementdemichael.fr\/?post_type=product&#038;p=695"},"modified":"2023-10-25T14:43:46","modified_gmt":"2023-10-25T12:43:46","slug":"le-chemin-de-la-sagesse","status":"publish","type":"product","link":"https:\/\/crea.enseignementdemichael.fr\/index.php\/produit\/le-chemin-de-la-sagesse\/","title":{"rendered":"Enseignement I Le chemin de la sagesse"},"content":{"rendered":"\r\n<p style=\"text-align: left;\">Accueillez en vous la stup\u00e9fiante lumi\u00e8re des connaissances sup\u00e9rieures enseign\u00e9es par le prince des archanges, ses \u00e9nergies pures ont une force de lib\u00e9ration colossale, il participe activement \u00e0 la purification des c\u0153urs et des \u00e2mes.<\/p>\r\n<p style=\"text-align: left;\">\r\n\r\n<\/p>\r\n<p style=\"text-align: left;\">-Envie d\u2019une vie remplie de paix et de lumi\u00e8re ?<\/p>\r\n<p style=\"text-align: left;\">\r\n\r\n<\/p>\r\n<p style=\"text-align: left;\">-Besoin d\u2019un quotidien bien plus lumineux, cristallin\u00a0?<\/p>\r\n<p style=\"text-align: left;\">\r\n\r\n<\/p>\r\n<p style=\"text-align: left;\">-Construire des relations infiniment pacifiques ?<\/p>\r\n<p style=\"text-align: left;\">\r\n\r\n<\/p>\r\n<p style=\"text-align: left;\">-Vous souhaitez conna\u00eetre la pl\u00e9nitude au quotidien ?<\/p>\r\n<p style=\"text-align: left;\">\r\n\r\n<\/p>\r\n<p style=\"text-align: left;\">-Votre d\u00e9sirez avancer sur le chemin de la sagesse ?<\/p>\r\n<p style=\"text-align: left;\">\r\n\r\n<\/p>\r\n<p style=\"text-align: left;\">Alors vous \u00eates au bon endroit, l\u2019enseignement 1 de l\u2019archange Michael, \u00ab\u00a0Le Chemin de La Sagesse\u00a0\u00bb, est pour vous, pour ramener votre vie \u00e0 l\u2019\u00e9quilibre, en faisant appel \u00e0 ces \u00e9nergies cristallines de profonde sagesse.<\/p>\r\n<p style=\"text-align: left;\">\r\n\r\n<\/p>\r\n<p style=\"text-align: left;\">Vous pouvez acheter en t\u00e9l\u00e9chargement cette s\u00e9ance priv\u00e9e au prix de 110 euros, et commencer d\u00e8s maintenant !<\/p>\r\n<p style=\"text-align: left;\">\r\n\r\n<\/p>\r\n<p style=\"text-align: left;\">Faites le dans le confort de votre maison, tranquillement, id\u00e9alement \u00e0 effectuer pendant 21 jours, afin de lib\u00e9rer votre existence terrestre de tout ce qui ne refl\u00e8te pas une ang\u00e9lique sagesse.<\/p>\r\n<p style=\"text-align: left;\">\r\n\r\n<\/p>\r\n<p style=\"text-align: center;\">Tarif : 125,00 euros<\/p>\r\n","protected":false},"excerpt":{"rendered":"<p>Accueillez en vous la stup\u00e9fiante lumi\u00e8re des connaissances sup\u00e9rieures enseign\u00e9es par le prince des archanges, ses \u00e9nergies pures ont une force de lib\u00e9ration colossale, il participe activement \u00e0 la purification des c\u0153urs et des \u00e2mes. -Envie d\u2019une vie remplie de paix et de lumi\u00e8re ? -Besoin d\u2019un quotidien bien plus lumineux, cristallin\u00a0? -Construire des relations [&hellip;]<\/p>\n","protected":false},"featured_media":693,"template":"","meta":[],"product_cat":[16],"product_tag":[],"_links":{"self":[{"href":"https:\/\/crea.enseignementdemichael.fr\/index.php\/wp-json\/wp\/v3\/product\/695"}],"collection":[{"href":"https:\/\/crea.enseignementdemichael.fr\/index.php\/wp-json\/wp\/v3\/product"}],"about":[{"href":"https:\/\/crea.enseignementdemichael.fr\/index.php\/wp-json\/wp\/v2\/types\/product"}],"wp:featuredmedia":[{"embeddable":true,"href":"https:\/\/crea.enseignementdemichael.fr\/index.php\/wp-json\/wp\/v2\/media\/693"}],"wp:attachment":[{"href":"https:\/\/crea.enseignementdemichael.fr\/index.php\/wp-json\/wp\/v2\/media?parent=695"}],"wp:term":[{"taxonomy":"product_cat","embeddable":true,"href":"https:\/\/crea.enseignementdemichael.fr\/index.php\/wp-json\/wp\/v2\/product_cat?post=695"},{"taxonomy":"product_tag","embeddable":true,"href":"https:\/\/crea.enseignementdemichael.fr\/index.php\/wp-json\/wp\/v2\/product_tag?post=695"}],"curies":[{"name":"wp","href":"https:\/\/api.w.org\/{rel}","templated":true}]}}