{"id":770,"date":"2019-07-29T12:47:35","date_gmt":"2019-07-29T10:47:35","guid":{"rendered":"http:\/\/enseignementdemichael.fr\/?post_type=product&#038;p=770"},"modified":"2024-01-08T15:00:35","modified_gmt":"2024-01-08T14:00:35","slug":"soin-par-lalchimie-de-marie","status":"publish","type":"product","link":"https:\/\/crea.enseignementdemichael.fr\/index.php\/produit\/soin-par-lalchimie-de-marie\/","title":{"rendered":"SOIN PAR L&#8217;ALCHIMIE DE MARIE"},"content":{"rendered":"\r\n<p style=\"text-align: left;\">Prenez la d\u00e9cision de tout faire pour changer de vie. Faites passez votre vie \u00e0 un autre niveau !<\/p>\r\n<p style=\"text-align: left;\">\r\n\r\n<\/p>\r\n<p style=\"text-align: left;\">Si ma vie \u00e9tait autrement elle serait comment\u00a0?\u00a0 Malheureusement notre pass\u00e9 nous tire trop souvent en arri\u00e8re, par les peurs et les croyances qu&#8217;il a insidieusement infiltr\u00e9es en nous.<\/p>\r\n<p style=\"text-align: left;\">\r\n\r\n<\/p>\r\n<p style=\"text-align: left;\">Avec les \u00e9nergies mariales, par l&#8217;alchimie de Marie, vous avez le pouvoir de vous lib\u00e9rer des m\u00e9andres du pass\u00e9 et de ses douleurs associ\u00e9es, afin d&#8217;accomplir une profonde \u00e9puration dans vos champ et corps d&#8217;\u00e9nergie.<\/p>\r\n<p style=\"text-align: left;\">\r\n\r\n<\/p>\r\n<p style=\"text-align: left;\">Osez vous remplir du Divin, participez ainsi activement \u00e0 votre puissante lib\u00e9ration \u00e9motionnelle et \u00e0 la dissolution de vos m\u00e9moires pass\u00e9es et transg\u00e9n\u00e9rationnelles obsol\u00e8tes.<\/p>\r\n<p style=\"text-align: left;\">\r\n\r\n<\/p>\r\n<p style=\"text-align: left;\">Quel soulagement, quel colossale l\u00e9g\u00e8ret\u00e9 de l&#8217;\u00e2me vous ressentirez alors!<\/p>\r\n\r\n\r\n\r\n<p style=\"text-align: center;\">Tarif : 110 euros<\/p>\r\n","protected":false},"excerpt":{"rendered":"<p>Prenez la d\u00e9cision de tout faire pour changer de vie. Faites passez votre vie \u00e0 un autre niveau ! Si ma vie \u00e9tait autrement elle serait comment\u00a0?\u00a0 Malheureusement notre pass\u00e9 nous tire trop souvent en arri\u00e8re, par les peurs et les croyances qu&#8217;il a insidieusement infiltr\u00e9es en nous. Avec les \u00e9nergies mariales, par l&#8217;alchimie de [&hellip;]<\/p>\n","protected":false},"featured_media":768,"template":"","meta":[],"product_cat":[16],"product_tag":[],"_links":{"self":[{"href":"https:\/\/crea.enseignementdemichael.fr\/index.php\/wp-json\/wp\/v3\/product\/770"}],"collection":[{"href":"https:\/\/crea.enseignementdemichael.fr\/index.php\/wp-json\/wp\/v3\/product"}],"about":[{"href":"https:\/\/crea.enseignementdemichael.fr\/index.php\/wp-json\/wp\/v2\/types\/product"}],"wp:featuredmedia":[{"embeddable":true,"href":"https:\/\/crea.enseignementdemichael.fr\/index.php\/wp-json\/wp\/v2\/media\/768"}],"wp:attachment":[{"href":"https:\/\/crea.enseignementdemichael.fr\/index.php\/wp-json\/wp\/v2\/media?parent=770"}],"wp:term":[{"taxonomy":"product_cat","embeddable":true,"href":"https:\/\/crea.enseignementdemichael.fr\/index.php\/wp-json\/wp\/v2\/product_cat?post=770"},{"taxonomy":"product_tag","embeddable":true,"href":"https:\/\/crea.enseignementdemichael.fr\/index.php\/wp-json\/wp\/v2\/product_tag?post=770"}],"curies":[{"name":"wp","href":"https:\/\/api.w.org\/{rel}","templated":true}]}}