{"id":8142,"date":"2021-08-02T09:49:46","date_gmt":"2021-08-02T07:49:46","guid":{"rendered":"https:\/\/www.enseignementdemichael.fr\/?post_type=product&#038;p=8142"},"modified":"2024-01-08T14:51:33","modified_gmt":"2024-01-08T13:51:33","slug":"soin-quantique-la-guidance-du-coeur","status":"publish","type":"product","link":"https:\/\/crea.enseignementdemichael.fr\/index.php\/produit\/soin-quantique-la-guidance-du-coeur\/","title":{"rendered":"Soin Quantique La Guidance Du Coeur"},"content":{"rendered":"<p>&nbsp;<\/p>\n<p><img decoding=\"async\" loading=\"lazy\" class=\"wp-image-8147 aligncenter\" src=\"https:\/\/enseignementdemichael.fr\/wp-content\/uploads\/2021\/08\/guidancecoeur.jpg\" alt=\"\" width=\"725\" height=\"432\" srcset=\"https:\/\/crea.enseignementdemichael.fr\/wp-content\/uploads\/2021\/08\/guidancecoeur.jpg 963w, https:\/\/crea.enseignementdemichael.fr\/wp-content\/uploads\/2021\/08\/guidancecoeur-300x179.jpg 300w, https:\/\/crea.enseignementdemichael.fr\/wp-content\/uploads\/2021\/08\/guidancecoeur-768x458.jpg 768w, https:\/\/crea.enseignementdemichael.fr\/wp-content\/uploads\/2021\/08\/guidancecoeur-600x358.jpg 600w\" sizes=\"(max-width: 725px) 100vw, 725px\" \/><\/p>\n<p class=\"x_MsoNormal\">Le taux vibratoire de la terre augmente de fa\u00e7on exponentielle, pour suivre le rythme d&#8217;ascension, il nous est demand\u00e9 d&#8217;activer la guidance du c\u0153ur,\u00a0pour vivre en \u00e9tant bien mieux align\u00e9, c&#8217;est-\u00e0-dire\u00a0acc\u00e9der \u00e0\u00a0une vie pleinement \u00e9panouie, rayonnante et sereine\u00a0en toutes circonstances.<\/p>\n<p class=\"x_MsoNormal\">Ce proc\u00e9d\u00e9 quantique vous aidera \u00e0 transmuter les fr\u00e9quences d\u2019involution et \u00e0 lib\u00e9rer vos \u00e9nergies densifi\u00e9es, en acc\u00e9dant \u00e0 la Guidance Du C\u0153ur, avec 5 cl\u00e9s prodigieuses.<\/p>\n<p class=\"x_MsoNormal\">Cr\u00e9\u00e9 sp\u00e9cialement pour vous, ce soin quantique est accessible uniquement en t\u00e9l\u00e9chargement.<\/p>\n<p class=\"x_MsoNormal\">A effectuer tranquillement chez vous, au calme, quand vous voulez, o\u00f9 vous voulez, comme vous le voulez. Au r\u00e9veil, au coucher, allong\u00e9 sur le sable, en pleine nature, dans le confort de votre salon\u2026c\u2019est vous qui d\u00e9cidez.<\/p>\n<p class=\"x_MsoNormal\">Ce soin quantique par ses fr\u00e9quences sonores, avec la magie du verbe, purifie les cordes toxiques et liens obsol\u00e8tes (jugements, critiques, injustice, abandon, auto-sabotages inconscients) qui freinent votre avanc\u00e9e sur ce plan d\u2019incarnation. Peu \u00e0 peu la vie se transforme. Nos relations s&#8217;apaisent et s&#8217;embellissent. Nos projets se r\u00e9alisent avec moins d&#8217;efforts et plus de r\u00e9sultats. Nos journ\u00e9es paraissent moins fatigantes et, de ce fait, nous avons l&#8217;impression d&#8217;avoir infiniment plus d&#8217;\u00e9nergie.<\/p>\n<p class=\"x_MsoNormal\">Quand nous cultivons le calme et l&#8217;alignement, tout change, pas \u00e0 pas.<\/p>\n<p class=\"x_MsoNormal\">En vous lib\u00e9rant des lourdeurs \u00e9th\u00e9riques, familiales et ancestrales, par ce proc\u00e9d\u00e9 quantique La Guidance Du C\u0153ur, vous allez vous planifier un nouvel environnement bien plus juste, bien plus doux, bien plus heureux. M\u00eame s&#8217;il n&#8217;y a rien de magique l\u00e0-dedans et que tout le monde peut le faire, lorsque nous nous mettons \u00e0 appliquer certains proc\u00e9d\u00e9s, rituels et astuces, nous avons vraiment l&#8217;impression que notre vie change comme par magie. Quel plaisir !<\/p>\n<p class=\"x_MsoNormal\">Reprenez votre pouvoir avec les forces positives de l\u2019univers, votre pouvoir divin de cr\u00e9ation de votre propre vie avec les 5 cl\u00e9s de La Guidance Du c\u0153ur.<\/p>\n<p class=\"x_MsoNormal\"><strong>Tarif :<\/strong> 110<span style=\"color: #000000;\"><strong>\u00a0euros\u00a0<\/strong><\/span><\/p>\n<p style=\"text-align: center;\">\n","protected":false},"excerpt":{"rendered":"<p>&nbsp; Le taux vibratoire de la terre augmente de fa\u00e7on exponentielle, pour suivre le rythme d&#8217;ascension, il nous est demand\u00e9 d&#8217;activer la guidance du c\u0153ur,\u00a0pour vivre en \u00e9tant bien mieux align\u00e9, c&#8217;est-\u00e0-dire\u00a0acc\u00e9der \u00e0\u00a0une vie pleinement \u00e9panouie, rayonnante et sereine\u00a0en toutes circonstances. Ce proc\u00e9d\u00e9 quantique vous aidera \u00e0 transmuter les fr\u00e9quences d\u2019involution et \u00e0 lib\u00e9rer vos [&hellip;]<\/p>\n","protected":false},"featured_media":8147,"template":"","meta":[],"product_cat":[16],"product_tag":[],"_links":{"self":[{"href":"https:\/\/crea.enseignementdemichael.fr\/index.php\/wp-json\/wp\/v3\/product\/8142"}],"collection":[{"href":"https:\/\/crea.enseignementdemichael.fr\/index.php\/wp-json\/wp\/v3\/product"}],"about":[{"href":"https:\/\/crea.enseignementdemichael.fr\/index.php\/wp-json\/wp\/v2\/types\/product"}],"wp:featuredmedia":[{"embeddable":true,"href":"https:\/\/crea.enseignementdemichael.fr\/index.php\/wp-json\/wp\/v2\/media\/8147"}],"wp:attachment":[{"href":"https:\/\/crea.enseignementdemichael.fr\/index.php\/wp-json\/wp\/v2\/media?parent=8142"}],"wp:term":[{"taxonomy":"product_cat","embeddable":true,"href":"https:\/\/crea.enseignementdemichael.fr\/index.php\/wp-json\/wp\/v2\/product_cat?post=8142"},{"taxonomy":"product_tag","embeddable":true,"href":"https:\/\/crea.enseignementdemichael.fr\/index.php\/wp-json\/wp\/v2\/product_tag?post=8142"}],"curies":[{"name":"wp","href":"https:\/\/api.w.org\/{rel}","templated":true}]}}