{"id":9009,"date":"2021-10-28T08:17:01","date_gmt":"2021-10-28T06:17:01","guid":{"rendered":"https:\/\/www.enseignementdemichael.fr\/?post_type=product&#038;p=9009"},"modified":"2023-10-25T14:14:54","modified_gmt":"2023-10-25T12:14:54","slug":"enseignement-xi-sortir-de-la-roue-karmique","status":"publish","type":"product","link":"https:\/\/crea.enseignementdemichael.fr\/index.php\/produit\/enseignement-xi-sortir-de-la-roue-karmique\/","title":{"rendered":"ENSEIGNEMENT XI Sortir de La Roue Karmique"},"content":{"rendered":"<p class=\"x_MsoNormal\">Comment sortir de la roue du karma ? Percevoir tout son syst\u00e8me demande du temps et de l\u2019investissement.<\/p>\n<p class=\"x_MsoNormal\">Le karma est la concr\u00e9tisation de la loi de cause \u00e0 effet. La plus dure.<\/p>\n<p class=\"x_MsoNormal\">Chaque action que nous engendrons g\u00e9n\u00e8re une action en retour. Souvent d\u00e9sagr\u00e9able.<\/p>\n<p class=\"x_MsoNormal\">Les id\u00e9es que nous nourrissons font germer des exp\u00e9riences\u2026celles de nos anciennes vies aussi.<\/p>\n<p class=\"x_MsoNormal\">Ainsi, neutraliser la loi karmique nous aide \u00e0 sortir de la roue du karma.<\/p>\n<p class=\"x_MsoNormal\">Avez-vous parfois l\u2019impression d\u2019avoir pris sur vos \u00e9paules le Karma des autres\u00a0?<\/p>\n<p class=\"x_MsoNormal\">Les m\u00e9moires transg\u00e9n\u00e9rationnelles freinent-elles votre bien-\u00eatre\u00a0?<\/p>\n<p class=\"x_MsoNormal\">Sentez-vous des sch\u00e9mas r\u00e9p\u00e9titifs qui bloquent votre abondance\u00a0?<\/p>\n<p class=\"x_MsoNormal\">Voulez-vous revenir \u00e0 l\u2019\u00e9quilibre et l\u2019harmonie\u00a0? A ce que vous m\u00e9ritez\u00a0?<\/p>\n<p class=\"x_MsoNormal\">Vous voulez dissiper les transferts karmiques et pertes de connexion \u00e0 Soi\u00a0?<\/p>\n<p class=\"x_MsoNormal\">Vous voulez enfin comprendre la roue karmique et vous en lib\u00e9rer s\u00e9rieusement\u00a0?<\/p>\n<p class=\"x_MsoNormal\">Alors cet enseignement XI des plans de lumi\u00e8re est fait pour vous.<\/p>\n<p align=\"center\">Tarif : 125,00 <strong>\u20ac<\/strong><\/p>\n<p>&nbsp;<\/p>\n","protected":false},"excerpt":{"rendered":"<p>Comment sortir de la roue du karma ? Percevoir tout son syst\u00e8me demande du temps et de l\u2019investissement. Le karma est la concr\u00e9tisation de la loi de cause \u00e0 effet. La plus dure. Chaque action que nous engendrons g\u00e9n\u00e8re une action en retour. Souvent d\u00e9sagr\u00e9able. Les id\u00e9es que nous nourrissons font germer des exp\u00e9riences\u2026celles de [&hellip;]<\/p>\n","protected":false},"featured_media":1709,"template":"","meta":[],"product_cat":[16],"product_tag":[],"_links":{"self":[{"href":"https:\/\/crea.enseignementdemichael.fr\/index.php\/wp-json\/wp\/v3\/product\/9009"}],"collection":[{"href":"https:\/\/crea.enseignementdemichael.fr\/index.php\/wp-json\/wp\/v3\/product"}],"about":[{"href":"https:\/\/crea.enseignementdemichael.fr\/index.php\/wp-json\/wp\/v2\/types\/product"}],"wp:featuredmedia":[{"embeddable":true,"href":"https:\/\/crea.enseignementdemichael.fr\/index.php\/wp-json\/wp\/v2\/media\/1709"}],"wp:attachment":[{"href":"https:\/\/crea.enseignementdemichael.fr\/index.php\/wp-json\/wp\/v2\/media?parent=9009"}],"wp:term":[{"taxonomy":"product_cat","embeddable":true,"href":"https:\/\/crea.enseignementdemichael.fr\/index.php\/wp-json\/wp\/v2\/product_cat?post=9009"},{"taxonomy":"product_tag","embeddable":true,"href":"https:\/\/crea.enseignementdemichael.fr\/index.php\/wp-json\/wp\/v2\/product_tag?post=9009"}],"curies":[{"name":"wp","href":"https:\/\/api.w.org\/{rel}","templated":true}]}}