{"id":9325,"date":"2021-12-07T09:45:41","date_gmt":"2021-12-07T08:45:41","guid":{"rendered":"https:\/\/www.enseignementdemichael.fr\/?post_type=product&#038;p=9325"},"modified":"2024-01-08T14:50:32","modified_gmt":"2024-01-08T13:50:32","slug":"procede-quantique-de-desimplantation","status":"publish","type":"product","link":"https:\/\/crea.enseignementdemichael.fr\/index.php\/produit\/procede-quantique-de-desimplantation\/","title":{"rendered":"PROCEDE QUANTIQUE DE DESIMPLANTATION"},"content":{"rendered":"<p class=\"x_MsoNormal\">Ces parasites et fr\u00e9quences obscures qu\u2019on ne voit pas et qui nous bloquent<\/p>\n<p class=\"x_MsoNormal\">Il y a de nombreux types d\u2019implants \u00e9th\u00e9riques et vibratoires.<\/p>\n<p class=\"x_MsoNormal\">Les implants \u00ab n\u00e9gatifs \u00bb sont con\u00e7us pour diminuer nos vibrations.<\/p>\n<p class=\"x_MsoNormal\">Si vous vous \u00eates incarn\u00e9s sur le plan Terrestre \u00a0durant les 450 mille derni\u00e8res ann\u00e9es et que vous n\u2019avez jamais envisag\u00e9 une gu\u00e9rison universelle pour enlever les implants, alors vous en avez, sous une forme ou une autre.<\/p>\n<p class=\"x_MsoNormal\">Enfants de lumi\u00e8re vous \u00eates sur la voie de l&#8217;Ascension, vous avez \u00e9t\u00e9 divinement guid\u00e9s jusqu&#8217;\u00e0 ces informations. L&#8217;exp\u00e9rience d&#8217;\u00e9limination d&#8217;implants est une \u00e9tape importante du retour \u00e0 votre vrai pouvoir.<\/p>\n<p class=\"x_MsoNormal\">Les implants sont des programmations subtiles qui sont utilis\u00e9es pour nous influencer \u00e0 utiliser des pens\u00e9es, des sentiments et m\u00eame des actions pouvant \u00eatre nuisibles envers nous-m\u00eames et envers les autres et sont partiellement responsables pour toute la souffrance exp\u00e9riment\u00e9e par l\u2019humanit\u00e9.<\/p>\n<div>\n<div class=\"x_gmail_signature\" dir=\"ltr\">\n<div dir=\"ltr\">\n<div dir=\"ltr\">\n<div dir=\"ltr\">\n<div dir=\"ltr\">\n<div dir=\"ltr\">\n<div dir=\"ltr\">\n<div dir=\"ltr\">\n<div dir=\"ltr\">\n<div dir=\"ltr\">\n<div dir=\"ltr\">\n<div dir=\"ltr\">\n<div dir=\"ltr\">\n<div dir=\"ltr\">\n<div dir=\"ltr\">\n<div dir=\"ltr\">\n<div dir=\"ltr\">\n<div dir=\"ltr\">\n<div dir=\"ltr\">\n<div dir=\"ltr\">\n<div dir=\"ltr\">\n<div dir=\"ltr\">\n<div dir=\"ltr\">\n<div dir=\"ltr\">\n<div dir=\"ltr\">\n<div dir=\"ltr\">\n<div dir=\"ltr\">\n<div dir=\"ltr\">\n<div dir=\"ltr\">\n<div dir=\"ltr\">\n<div dir=\"ltr\">\n<div dir=\"ltr\">\n<div dir=\"ltr\">\n<div dir=\"ltr\">\n<div dir=\"ltr\">\n<div dir=\"ltr\">\n<div dir=\"ltr\">\n<div dir=\"ltr\">\n<div dir=\"ltr\">\n<div dir=\"ltr\">\n<div dir=\"ltr\">\n<div dir=\"ltr\">\n<div dir=\"ltr\">\n<div dir=\"ltr\">\n<div dir=\"ltr\">\n<div dir=\"ltr\">\n<div dir=\"ltr\">\n<div dir=\"ltr\">\n<div dir=\"ltr\">\n<div dir=\"ltr\">\n<div dir=\"ltr\">\n<div dir=\"ltr\">\n<div dir=\"ltr\">\n<div dir=\"ltr\">\n<div dir=\"ltr\">\n<div dir=\"ltr\">\n<div dir=\"ltr\">\n<div dir=\"ltr\">\n<div dir=\"ltr\">\n<div dir=\"ltr\">\n<div dir=\"ltr\">\n<div dir=\"ltr\">\n<div dir=\"ltr\">\n<div dir=\"ltr\">\n<div dir=\"ltr\">\n<div dir=\"ltr\">\n<div dir=\"ltr\">\n<div dir=\"ltr\">\n<div dir=\"ltr\">\n<div dir=\"ltr\">\n<div dir=\"ltr\">\n<div dir=\"ltr\">\n<div dir=\"ltr\">\n<div dir=\"ltr\">\n<div dir=\"ltr\">\n<div dir=\"ltr\">\n<div dir=\"ltr\">\n<div dir=\"ltr\">\n<div dir=\"ltr\">\n<div dir=\"ltr\">\n<div dir=\"ltr\">\n<div dir=\"ltr\">\n<div dir=\"ltr\">\n<div dir=\"ltr\">\n<div dir=\"ltr\">\n<div dir=\"ltr\">\n<div dir=\"ltr\">\n<div dir=\"ltr\">\n<div dir=\"ltr\">\n<div dir=\"ltr\">\n<div dir=\"ltr\">\n<div dir=\"ltr\">\n<div dir=\"ltr\">\n<div dir=\"ltr\">\n<div dir=\"ltr\">\n<div dir=\"ltr\">\n<div dir=\"ltr\">\n<div dir=\"ltr\">\n<div dir=\"ltr\">\n<div dir=\"ltr\">\n<div dir=\"ltr\">\n<div dir=\"ltr\">\n<div dir=\"ltr\">\n<div dir=\"ltr\">\n<div dir=\"ltr\">\n<div dir=\"ltr\">\n<div dir=\"ltr\">\n<div dir=\"ltr\">\n<div dir=\"ltr\">\n<div dir=\"ltr\">\n<div dir=\"ltr\">\n<div dir=\"ltr\">\n<div dir=\"ltr\">\n<div dir=\"ltr\">\n<div dir=\"ltr\">\n<div dir=\"ltr\">\n<div dir=\"ltr\">\n<div dir=\"ltr\">\n<div dir=\"ltr\">\n<div dir=\"ltr\">\n<div dir=\"ltr\">\n<div dir=\"ltr\">\n<div dir=\"ltr\">\n<div dir=\"ltr\">\n<div dir=\"ltr\">\n<div dir=\"ltr\">\n<div dir=\"ltr\">\n<div dir=\"ltr\">\n<div dir=\"ltr\">\n<div dir=\"ltr\">\n<div dir=\"ltr\">\n<div dir=\"ltr\">\n<div dir=\"ltr\">\n<div dir=\"ltr\">\n<div dir=\"ltr\">\n<div dir=\"ltr\">\n<div dir=\"ltr\">\n<div dir=\"ltr\">\n<div dir=\"ltr\">\n<div dir=\"ltr\">\n<div dir=\"ltr\">\n<div dir=\"ltr\">\n<div dir=\"ltr\">\n<div dir=\"ltr\">\n<div dir=\"ltr\">\n<div dir=\"ltr\">\n<div dir=\"ltr\">\n<div dir=\"ltr\">\n<div dir=\"ltr\">\n<div dir=\"ltr\">\n<div dir=\"ltr\">\n<div dir=\"ltr\">\n<div dir=\"ltr\">\n<div dir=\"ltr\">\n<div dir=\"ltr\">\n<div dir=\"ltr\">\n<div dir=\"ltr\">\n<div>\n<p class=\"x_MsoNormal\">Ces sch\u00e9mas fig\u00e9s dans notre Adn physique et champ \u00e9th\u00e9rique, dans chacun de nos corps, par l\u2019obscurantisme d\u2019associations malsaines, doivent \u00eatre lib\u00e9r\u00e9s et transmut\u00e9s.<\/p>\n<p class=\"x_MsoNormal\">Nous devons nous lib\u00e9rer de cette invasion mill\u00e9naire de forces occultes destructrices et manipulatrices, contr\u00f4lant all\u00e9grement nos pens\u00e9es, nos \u00e9motions, nos actions et notre force cr\u00e9atrice.<\/p>\n<p class=\"x_MsoNormal\">Vous \u00eates aujourd\u2019hui dans le d\u00e9part de l\u2019\u00e8re du Verseau, dans laquelle votre puissance d\u2019accomplissement doit s\u2019\u00e9panouir, ce qui implique que nos forces lumineuses doivent \u00eatre rendues libres.<\/p>\n<p class=\"x_MsoNormal\">Pour ainsi, enfin, d\u00e9ployer vos ailes et prendre d\u00e9finitivement, sans retour possible, le chemin de l\u2019Ascension.<\/p>\n<p class=\"x_MsoNormal\">Chaque jour nous couvrons notre corps pour le prot\u00e9ger du froid, du soleil, de la pluie, des regards, des moustiques, mais quand est-ce que nous pensons \u00e0 lui faire une \u00e9puration des implants qui le paralysent ?<\/p>\n<p class=\"x_MsoNormal\">Il est prodigieux, salvateur, et va vous aider \u00e0 vous lib\u00e9rer de milliers d&#8217;implants qui emp\u00eachent votre \u00e9volution positive. Lancez-vous, le seul risque, c&#8217;est de vous sentir tellement mieux! Faites-le 21 jours si possible pour une grande efficacit\u00e9.<\/p>\n<\/div>\n<div>\n<p class=\"x_MsoNormal\"><b>+En bonus :<\/b>\u00a0vous aurez l&#8217;invocation magistrale pour vous remplir de divine lumi\u00e8re chaque matin et attirer \u00e0 vous une scintillante journ\u00e9e!<\/p>\n<\/div>\n<\/div>\n<\/div>\n<\/div>\n<\/div>\n<\/div>\n<\/div>\n<\/div>\n<\/div>\n<\/div>\n<\/div>\n<\/div>\n<\/div>\n<\/div>\n<\/div>\n<\/div>\n<\/div>\n<\/div>\n<\/div>\n<\/div>\n<\/div>\n<\/div>\n<\/div>\n<\/div>\n<\/div>\n<\/div>\n<\/div>\n<\/div>\n<\/div>\n<\/div>\n<\/div>\n<\/div>\n<\/div>\n<\/div>\n<\/div>\n<\/div>\n<\/div>\n<\/div>\n<\/div>\n<\/div>\n<\/div>\n<\/div>\n<\/div>\n<\/div>\n<\/div>\n<\/div>\n<\/div>\n<\/div>\n<\/div>\n<\/div>\n<\/div>\n<\/div>\n<\/div>\n<\/div>\n<\/div>\n<\/div>\n<\/div>\n<\/div>\n<\/div>\n<\/div>\n<\/div>\n<\/div>\n<\/div>\n<\/div>\n<\/div>\n<\/div>\n<\/div>\n<\/div>\n<\/div>\n<\/div>\n<\/div>\n<\/div>\n<\/div>\n<\/div>\n<\/div>\n<\/div>\n<\/div>\n<\/div>\n<\/div>\n<\/div>\n<\/div>\n<\/div>\n<\/div>\n<\/div>\n<\/div>\n<\/div>\n<\/div>\n<\/div>\n<\/div>\n<\/div>\n<\/div>\n<\/div>\n<\/div>\n<\/div>\n<\/div>\n<\/div>\n<\/div>\n<\/div>\n<\/div>\n<\/div>\n<\/div>\n<\/div>\n<\/div>\n<\/div>\n<\/div>\n<\/div>\n<\/div>\n<\/div>\n<\/div>\n<\/div>\n<\/div>\n<\/div>\n<\/div>\n<\/div>\n<\/div>\n<\/div>\n<\/div>\n<\/div>\n<\/div>\n<\/div>\n<\/div>\n<\/div>\n<\/div>\n<\/div>\n<\/div>\n<\/div>\n<\/div>\n<\/div>\n<\/div>\n<\/div>\n<\/div>\n<\/div>\n<\/div>\n<\/div>\n<\/div>\n<\/div>\n<\/div>\n<\/div>\n<\/div>\n<\/div>\n<\/div>\n<\/div>\n<\/div>\n<\/div>\n<\/div>\n<\/div>\n<\/div>\n<\/div>\n<\/div>\n<\/div>\n<\/div>\n<\/div>\n<\/div>\n<\/div>\n<\/div>\n<\/div>\n<\/div>\n<\/div>\n<\/div>\n","protected":false},"excerpt":{"rendered":"<p>Ces parasites et fr\u00e9quences obscures qu\u2019on ne voit pas et qui nous bloquent Il y a de nombreux types d\u2019implants \u00e9th\u00e9riques et vibratoires. Les implants \u00ab n\u00e9gatifs \u00bb sont con\u00e7us pour diminuer nos vibrations. Si vous vous \u00eates incarn\u00e9s sur le plan Terrestre \u00a0durant les 450 mille derni\u00e8res ann\u00e9es et que vous n\u2019avez jamais envisag\u00e9 [&hellip;]<\/p>\n","protected":false},"featured_media":1709,"template":"","meta":[],"product_cat":[16],"product_tag":[],"_links":{"self":[{"href":"https:\/\/crea.enseignementdemichael.fr\/index.php\/wp-json\/wp\/v3\/product\/9325"}],"collection":[{"href":"https:\/\/crea.enseignementdemichael.fr\/index.php\/wp-json\/wp\/v3\/product"}],"about":[{"href":"https:\/\/crea.enseignementdemichael.fr\/index.php\/wp-json\/wp\/v2\/types\/product"}],"wp:featuredmedia":[{"embeddable":true,"href":"https:\/\/crea.enseignementdemichael.fr\/index.php\/wp-json\/wp\/v2\/media\/1709"}],"wp:attachment":[{"href":"https:\/\/crea.enseignementdemichael.fr\/index.php\/wp-json\/wp\/v2\/media?parent=9325"}],"wp:term":[{"taxonomy":"product_cat","embeddable":true,"href":"https:\/\/crea.enseignementdemichael.fr\/index.php\/wp-json\/wp\/v2\/product_cat?post=9325"},{"taxonomy":"product_tag","embeddable":true,"href":"https:\/\/crea.enseignementdemichael.fr\/index.php\/wp-json\/wp\/v2\/product_tag?post=9325"}],"curies":[{"name":"wp","href":"https:\/\/api.w.org\/{rel}","templated":true}]}}