{"id":9607,"date":"2021-12-18T09:33:57","date_gmt":"2021-12-18T08:33:57","guid":{"rendered":"https:\/\/www.enseignementdemichael.fr\/?post_type=product&#038;p=9607"},"modified":"2023-10-25T14:13:06","modified_gmt":"2023-10-25T12:13:06","slug":"enseignement-de-michael-xii-comment-integrer-lenergie-dascension","status":"publish","type":"product","link":"https:\/\/crea.enseignementdemichael.fr\/index.php\/produit\/enseignement-de-michael-xii-comment-integrer-lenergie-dascension\/","title":{"rendered":"Enseignement de Michael XII : Comment Int\u00e9grer L&#8217;Energie D&#8217;Ascension ?"},"content":{"rendered":"<p><img decoding=\"async\" loading=\"lazy\" class=\"wp-image-1709 aligncenter\" src=\"https:\/\/enseignementdemichael.fr\/wp-content\/uploads\/2020\/01\/archangeOK-.jpg\" alt=\"\" width=\"445\" height=\"265\" srcset=\"https:\/\/crea.enseignementdemichael.fr\/wp-content\/uploads\/2020\/01\/archangeOK-.jpg 963w, https:\/\/crea.enseignementdemichael.fr\/wp-content\/uploads\/2020\/01\/archangeOK--300x179.jpg 300w, https:\/\/crea.enseignementdemichael.fr\/wp-content\/uploads\/2020\/01\/archangeOK--768x458.jpg 768w, https:\/\/crea.enseignementdemichael.fr\/wp-content\/uploads\/2020\/01\/archangeOK--600x358.jpg 600w\" sizes=\"(max-width: 445px) 100vw, 445px\" \/><\/p>\n<p>&nbsp;<\/p>\n<p class=\"x_MsoNormal\">Comment int\u00e9grer l\u2019\u00e9nergie d\u2019ascension\u00a0?<\/p>\n<p class=\"x_MsoNormal\">La terre atteint un extraordinaire taux vibratoire, m\u00eame les \u00e2mes incarn\u00e9es les moins r\u00e9ceptives commencent \u00e0 ressentir cette \u00e9nergie de grande \u00e9volution.<\/p>\n<p class=\"x_MsoNormal\">Nous sommes \u00e0 un tournant plan\u00e9taire sans pr\u00e9c\u00e9dent.<\/p>\n<p class=\"x_MsoNormal\">Vous, les travailleurs de la lumi\u00e8re, captez par tous vos sens, gr\u00e2ce \u00e0 votre g\u00e9n\u00e9tique physique et \u00e9therique, des milliards de particules de lumi\u00e8re (quanta) pour ensuite les ancrer dans ce plan d\u2019exp\u00e9rimentation.<\/p>\n<p class=\"x_MsoNormal\">Des portails \u00e9nerg\u00e9tiques ont lieu quand un certain alignement plan\u00e9taire se met en place (solstices\u00a0; \u00e9ruptions solaires, pleine lune, \u00e9clipses, dates cl\u00e9s).<\/p>\n<p class=\"x_MsoNormal\">Chacun de nos corps et notre champ quantique doivent s\u2019adapter aux \u00e9volutions vibratoires.<\/p>\n<p class=\"x_MsoNormal\">Ces influx d\u2019\u00e9nergies peuvent \u00e9galement affecter de mani\u00e8re directe et personnelle certains individus.<\/p>\n<p>Ces apports prodigieux d\u2019\u00e9nergie d\u2019ascension sont aussi programm\u00e9s pour activer notre ADN dormant (97%).<\/p>\n<p>Ces flots d\u2019\u00e9nergie colossale contiennent des codes nouveaux de la source d\u2019o\u00f9 provient l\u2019\u00e9nergie d\u2019ascension.<\/p>\n<p>Notre ADN va capter cette lumi\u00e8re, c\u2019est un catalyseur pour votre \u00e9volution personnelle et spirituelle.<\/p>\n<p>Afin de passer en douceur cette p\u00e9riode \u00e9nerg\u00e9tique toute-puissante, de fa\u00e7on admirable et sans secousse abrupte, voici l\u2019Enseignement XII de Michael Archange\u00a0: Comment Int\u00e9grer L\u2019Energie D\u2019Ascension.<\/p>\n<p>Ceci afin d\u2019\u00e9viter les grandes fatigues, des baisses impromptues de tonus, des acc\u00e8s d\u2019humeur, pour maintenant continuer votre vie en int\u00e9grant un haut niveau de conscience dans un monde de dimension plus \u00e9lev\u00e9e.<\/p>\n<p>Pour faire \u00e9voluer magnifiquement votre corps spirituel avec une bien meilleure connexion aux plans de lumi\u00e8re, et comprendre les enjeux cruciaux pour votre vie actuelle et future.<\/p>\n<p>&nbsp;<\/p>\n<p align=\"center\">Comment Int\u00e9grer L\u2019Energie D\u2019Ascension<\/p>\n<p class=\"x_MsoNormal\" align=\"center\"><b>Tarif pr\u00e9f\u00e9rentiel: 125 <\/b>\u20ac<\/p>\n","protected":false},"excerpt":{"rendered":"<p>&nbsp; Comment int\u00e9grer l\u2019\u00e9nergie d\u2019ascension\u00a0? La terre atteint un extraordinaire taux vibratoire, m\u00eame les \u00e2mes incarn\u00e9es les moins r\u00e9ceptives commencent \u00e0 ressentir cette \u00e9nergie de grande \u00e9volution. Nous sommes \u00e0 un tournant plan\u00e9taire sans pr\u00e9c\u00e9dent. Vous, les travailleurs de la lumi\u00e8re, captez par tous vos sens, gr\u00e2ce \u00e0 votre g\u00e9n\u00e9tique physique et \u00e9therique, des milliards [&hellip;]<\/p>\n","protected":false},"featured_media":1709,"template":"","meta":[],"product_cat":[16],"product_tag":[],"_links":{"self":[{"href":"https:\/\/crea.enseignementdemichael.fr\/index.php\/wp-json\/wp\/v3\/product\/9607"}],"collection":[{"href":"https:\/\/crea.enseignementdemichael.fr\/index.php\/wp-json\/wp\/v3\/product"}],"about":[{"href":"https:\/\/crea.enseignementdemichael.fr\/index.php\/wp-json\/wp\/v2\/types\/product"}],"wp:featuredmedia":[{"embeddable":true,"href":"https:\/\/crea.enseignementdemichael.fr\/index.php\/wp-json\/wp\/v2\/media\/1709"}],"wp:attachment":[{"href":"https:\/\/crea.enseignementdemichael.fr\/index.php\/wp-json\/wp\/v2\/media?parent=9607"}],"wp:term":[{"taxonomy":"product_cat","embeddable":true,"href":"https:\/\/crea.enseignementdemichael.fr\/index.php\/wp-json\/wp\/v2\/product_cat?post=9607"},{"taxonomy":"product_tag","embeddable":true,"href":"https:\/\/crea.enseignementdemichael.fr\/index.php\/wp-json\/wp\/v2\/product_tag?post=9607"}],"curies":[{"name":"wp","href":"https:\/\/api.w.org\/{rel}","templated":true}]}}