{"id":9769,"date":"2021-12-22T09:32:38","date_gmt":"2021-12-22T08:32:38","guid":{"rendered":"https:\/\/www.enseignementdemichael.fr\/?post_type=product&#038;p=9769"},"modified":"2024-01-08T14:48:47","modified_gmt":"2024-01-08T13:48:47","slug":"soin-quantique-exorcisme-de-noel-2021","status":"publish","type":"product","link":"https:\/\/crea.enseignementdemichael.fr\/index.php\/produit\/soin-quantique-exorcisme-de-noel-2021\/","title":{"rendered":"SOIN QUANTIQUE EXORCISME DE LA NATIVITE"},"content":{"rendered":"<div>\n<p class=\"x_MsoNormal\">Voici le formidable exorcisme de la nativit\u00e9, cr\u00e9\u00e9 sp\u00e9cialement pour vous par Lola Lacroix, une prodigieuse exorciste au c\u0153ur pur.<\/p>\n<p class=\"x_MsoNormal\">Par cet exorcisme tr\u00e8s sp\u00e9cifique, Nous appelons pr\u00e8s de vous les arm\u00e9es c\u00e9lestes, les archanges et la Reine de l\u2019Univers, Marie de toutes les gr\u00e2ces,\u00a0magnifi\u00e9e dans sa maternit\u00e9 de la nuit de No\u00ebl.<\/p>\n<p class=\"x_MsoNormal\">Les puissances lumineuses vous garderont et vous pr\u00e9muniront de toute attaque dommageable voire d\u00e9sastreuse.<\/p>\n<p class=\"x_MsoNormal\">Cet exorcisme a le pouvoir d\u2019effacer les dettes de ceux sur qui de fausses dettes furent plac\u00e9es, dettes financi\u00e8res, dettes sociales, dettes physiques,\u00a0dettes \u00e9nerg\u00e9tiques, dettes karmiques,\u00a0 et dettes transg\u00e9n\u00e9rationnelles.<\/p>\n<p class=\"x_MsoNormal\">Son pouvoir d&#8217;attraction va activer vos b\u00e9n\u00e9dictions pour l\u2019ann\u00e9e \u00e0 venir et chasser les ondes n\u00e9gatives et toute forme-pens\u00e9e inappropri\u00e9e dans la sph\u00e8re de ceux qui l\u2019\u00e9coutent avec foi, avec ferveur et le c\u0153ur pur.<\/p>\n<p class=\"x_MsoNormal\">C&#8217;est le puissant Exorcisme de la Nativit\u00e9, enfin disponible, \u00a0qui pulv\u00e9rise toute \u00e9nergie funeste et m\u00e9moire odieuse dans nos vies. Dans ce soin quantique il sera exprim\u00e9 3 fois, pour le p\u00e8re, le fils,\u00a0 et le saint-esprit. Le texte aussi vous sera fourni.<\/p>\n<p class=\"x_MsoNormal\">Vous aurez<b>\u00a0en + en cadeau\u00a0<\/b>un\u00a0<u>remarquable audio<\/u>, une merveilleuse pri\u00e8re \u00e0 associer \u00e0 votre ch\u00e8que d\u2019abondance en toute chose pour 2022, \u00e0 effectuer \u00e0 la nouvelle lune du 2 janvier prochain, et pour toute nouvelle lune!<\/p>\n<p class=\"x_MsoNormal\">Gaudete\u00a0! R\u00e9jouissez-vous, car nous appelons sur vous la lumi\u00e8re divine, par ce soin quantique d&#8217;une puissance colossale.<\/p>\n<p class=\"x_MsoNormal\">Comptez une trentaine de minutes, prenez ce temps dans un espace serein, vous pourrez aussi le laisser se d\u00e9rouler dans votre maison afin de la purger de toute n\u00e9gativit\u00e9 et restaurer votre force divine.<\/p>\n<p class=\"x_MsoNormal\">Je vous souhaite une fin d\u2019ann\u00e9e scintillante de mille feux divins, que le baume nourricier du feu christique pulse \u00e0 chaque instant dans vos c\u0153urs.<\/p>\n<\/div>\n<div>\n<p class=\"x_gmail-x_MsoNormal\" style=\"text-align: center;\">\u00a0 \u00a0 \u00a0 \u00a0 \u00a0 \u00a0 \u00a0 \u00a0 \u00a0 \u00a0 \u00a0 \u00a0 \u00a0 \u00a0 \u00a0 \u00a0 \u00a0 \u00a0 \u00a0 \u00a0 \u00a0 \u00a0 \u00a0 \u00a0 \u00a0 \u00a0T<b>arif : 110 euros<\/b><\/p>\n<p>&nbsp;<\/p>\n<\/div>\n","protected":false},"excerpt":{"rendered":"<p>Voici le formidable exorcisme de la nativit\u00e9, cr\u00e9\u00e9 sp\u00e9cialement pour vous par Lola Lacroix, une prodigieuse exorciste au c\u0153ur pur. Par cet exorcisme tr\u00e8s sp\u00e9cifique, Nous appelons pr\u00e8s de vous les arm\u00e9es c\u00e9lestes, les archanges et la Reine de l\u2019Univers, Marie de toutes les gr\u00e2ces,\u00a0magnifi\u00e9e dans sa maternit\u00e9 de la nuit de No\u00ebl. Les puissances [&hellip;]<\/p>\n","protected":false},"featured_media":1709,"template":"","meta":[],"product_cat":[16],"product_tag":[],"_links":{"self":[{"href":"https:\/\/crea.enseignementdemichael.fr\/index.php\/wp-json\/wp\/v3\/product\/9769"}],"collection":[{"href":"https:\/\/crea.enseignementdemichael.fr\/index.php\/wp-json\/wp\/v3\/product"}],"about":[{"href":"https:\/\/crea.enseignementdemichael.fr\/index.php\/wp-json\/wp\/v2\/types\/product"}],"wp:featuredmedia":[{"embeddable":true,"href":"https:\/\/crea.enseignementdemichael.fr\/index.php\/wp-json\/wp\/v2\/media\/1709"}],"wp:attachment":[{"href":"https:\/\/crea.enseignementdemichael.fr\/index.php\/wp-json\/wp\/v2\/media?parent=9769"}],"wp:term":[{"taxonomy":"product_cat","embeddable":true,"href":"https:\/\/crea.enseignementdemichael.fr\/index.php\/wp-json\/wp\/v2\/product_cat?post=9769"},{"taxonomy":"product_tag","embeddable":true,"href":"https:\/\/crea.enseignementdemichael.fr\/index.php\/wp-json\/wp\/v2\/product_tag?post=9769"}],"curies":[{"name":"wp","href":"https:\/\/api.w.org\/{rel}","templated":true}]}}